{"id":5,"date":"2022-08-19T07:48:20","date_gmt":"2022-08-19T07:48:20","guid":{"rendered":"https:\/\/onfood.com.tr\/?page_id=5"},"modified":"2025-06-02T06:21:31","modified_gmt":"2025-06-02T06:21:31","slug":"anasayfa","status":"publish","type":"page","link":"https:\/\/onfood.com.tr\/","title":{"rendered":"Anasayfa"},"content":{"rendered":"<section class=\"l-section wpb_row us_custom_eb849559 height_medium full_height valign_center width_full color_primary with_img\"><div class=\"l-section-img\" role=\"img\" data-img-width=\"\" data-img-height=\"\" style=\"background-image: url(https:\/\/onfood.com.tr\/wp-content\/uploads\/2022\/08\/bg-onfodd.svg);background-size: auto;\"><\/div><div class=\"l-section-overlay\" style=\"background:rgba(230,35,25,0.60)\"><\/div><div class=\"l-section-h i-cf\"><div class=\"g-cols vc_row via_grid cols_1-2-1 laptops-cols_inherit tablets-cols_inherit mobiles-cols_1 valign_top type_default stacking_default\"><div class=\"wpb_column vc_column_container\"><div class=\"vc_column-inner\"><\/div><\/div><div class=\"wpb_column vc_column_container\"><div class=\"vc_column-inner\"><div class=\"w-image align_none\"><div class=\"w-image-h\"><img decoding=\"async\" src=\"https:\/\/onfood.com.tr\/wp-content\/uploads\/2022\/08\/onfood-web-byz.svg\" class=\"attachment-full size-full\" alt=\"\" loading=\"lazy\" \/><\/div><\/div><div class=\"w-separator size_small with_line width_50 thick_1 style_solid color_border align_center\"><div class=\"w-separator-h\"><\/div><\/div><div class=\"wpb_text_column\"><div class=\"wpb_wrapper\"><p style=\"text-align: center;\">23 Nisan Mh. Mithatpa\u015fa Cd. G\u00f6k\u00e7ad\u0131r Ofis Plaza, Kat: 10 No:31<br \/>\n16120 Nil\u00fcfer BURSA<\/p>\n<p style=\"text-align: center;\"><strong>+90 532 395 10 46<\/strong><\/p>\n<p style=\"text-align: center;\">info@onfood.com.tr<\/p>\n<\/div><\/div><div class=\"w-separator size_small\"><\/div><div class=\"w-socials us_custom_4af52cd7 color_text shape_circle style_outlined hover_fade\" style=\"--gap:5px;\"><div class=\"w-socials-list\"><div class=\"w-socials-item facebook\"><a target=\"_blank\" rel=\"nofollow\" href=\"https:\/\/facebook.com\/onfoodcomtr\" class=\"w-socials-item-link\" aria-label=\"Facebook\"><span class=\"w-socials-item-link-hover\"><\/span><i class=\"fab fa-facebook\"><\/i><\/a><div class=\"w-socials-item-popup\"><span>Facebook<\/span><\/div><\/div><div class=\"w-socials-item instagram\"><a target=\"_blank\" rel=\"nofollow\" href=\"https:\/\/instagram.com\/onfoodcomtr\" class=\"w-socials-item-link\" aria-label=\"Instagram\"><span class=\"w-socials-item-link-hover\"><\/span><i class=\"fab fa-instagram\"><\/i><\/a><div class=\"w-socials-item-popup\"><span>Instagram<\/span><\/div><\/div><\/div><\/div><\/div><\/div><div class=\"wpb_column vc_column_container\"><div class=\"vc_column-inner\"><\/div><\/div><\/div><\/div><\/section>\n","protected":false},"excerpt":{"rendered":"23 Nisan Mh. Mithatpa\u015fa Cd. G\u00f6k\u00e7ad\u0131r Ofis Plaza, Kat: 10 No:31 16120 Nil\u00fcfer BURSA +90 532 395 10 46 info@onfood.com.tr FacebookInstagram","protected":false},"author":1,"featured_media":0,"parent":0,"menu_order":0,"comment_status":"closed","ping_status":"closed","template":"","meta":{"footnotes":""},"class_list":["post-5","page","type-page","status-publish","hentry"],"_links":{"self":[{"href":"https:\/\/onfood.com.tr\/index.php\/wp-json\/wp\/v2\/pages\/5","targetHints":{"allow":["GET"]}}],"collection":[{"href":"https:\/\/onfood.com.tr\/index.php\/wp-json\/wp\/v2\/pages"}],"about":[{"href":"https:\/\/onfood.com.tr\/index.php\/wp-json\/wp\/v2\/types\/page"}],"author":[{"embeddable":true,"href":"https:\/\/onfood.com.tr\/index.php\/wp-json\/wp\/v2\/users\/1"}],"replies":[{"embeddable":true,"href":"https:\/\/onfood.com.tr\/index.php\/wp-json\/wp\/v2\/comments?post=5"}],"version-history":[{"count":18,"href":"https:\/\/onfood.com.tr\/index.php\/wp-json\/wp\/v2\/pages\/5\/revisions"}],"predecessor-version":[{"id":122,"href":"https:\/\/onfood.com.tr\/index.php\/wp-json\/wp\/v2\/pages\/5\/revisions\/122"}],"wp:attachment":[{"href":"https:\/\/onfood.com.tr\/index.php\/wp-json\/wp\/v2\/media?parent=5"}],"curies":[{"name":"wp","href":"https:\/\/api.w.org\/{rel}","templated":true}]}}